{"id":438,"date":"2025-03-09T16:03:30","date_gmt":"2025-03-09T16:03:30","guid":{"rendered":"https:\/\/rodosz.vakacio.net\/?page_id=438"},"modified":"2025-03-09T17:49:32","modified_gmt":"2025-03-09T17:49:32","slug":"a-johannita-rend","status":"publish","type":"page","link":"https:\/\/rodosz.vakacio.net\/index.php\/informaciok\/szovegjegyzek\/a-johannita-rend\/","title":{"rendered":"A Johannita Rend"},"content":{"rendered":"","protected":false},"excerpt":{"rendered":"","protected":false},"author":1,"featured_media":0,"parent":391,"menu_order":0,"comment_status":"closed","ping_status":"closed","template":"full-width","meta":{"saved_in_kubio":true,"_acf_changed":false,"footnotes":""},"class_list":["post-438","page","type-page","status-publish","hentry"],"kubio_ai_page_context":{"short_desc":"","purpose":"general"},"yoast_head":"<!-- This site is optimized with the Yoast SEO plugin v26.8 - https:\/\/yoast.com\/product\/yoast-seo-wordpress\/ -->\n<title>A Johannita Rend - Rodoszi vak\u00e1ci\u00f3<\/title>\n<meta name=\"robots\" content=\"index, follow, max-snippet:-1, max-image-preview:large, max-video-preview:-1\" \/>\n<link rel=\"canonical\" href=\"https:\/\/rodosz.vakacio.net\/index.php\/informaciok\/szovegjegyzek\/a-johannita-rend\/\" \/>\n<meta property=\"og:locale\" content=\"hu_HU\" \/>\n<meta property=\"og:type\" content=\"article\" \/>\n<meta property=\"og:title\" content=\"A Johannita Rend - Rodoszi vak\u00e1ci\u00f3\" \/>\n<meta property=\"og:url\" content=\"https:\/\/rodosz.vakacio.net\/index.php\/informaciok\/szovegjegyzek\/a-johannita-rend\/\" \/>\n<meta property=\"og:site_name\" content=\"Rodoszi vak\u00e1ci\u00f3\" \/>\n<meta property=\"article:modified_time\" content=\"2025-03-09T17:49:32+00:00\" \/>\n<meta name=\"twitter:card\" content=\"summary_large_image\" \/>\n<script type=\"application\/ld+json\" class=\"yoast-schema-graph\">{\"@context\":\"https:\/\/schema.org\",\"@graph\":[{\"@type\":\"WebPage\",\"@id\":\"https:\/\/rodosz.vakacio.net\/index.php\/informaciok\/szovegjegyzek\/a-johannita-rend\/\",\"url\":\"https:\/\/rodosz.vakacio.net\/index.php\/informaciok\/szovegjegyzek\/a-johannita-rend\/\",\"name\":\"A Johannita Rend - Rodoszi vak\u00e1ci\u00f3\",\"isPartOf\":{\"@id\":\"https:\/\/rodosz.vakacio.net\/#website\"},\"datePublished\":\"2025-03-09T16:03:30+00:00\",\"dateModified\":\"2025-03-09T17:49:32+00:00\",\"breadcrumb\":{\"@id\":\"https:\/\/rodosz.vakacio.net\/index.php\/informaciok\/szovegjegyzek\/a-johannita-rend\/#breadcrumb\"},\"inLanguage\":\"hu\",\"potentialAction\":[{\"@type\":\"ReadAction\",\"target\":[\"https:\/\/rodosz.vakacio.net\/index.php\/informaciok\/szovegjegyzek\/a-johannita-rend\/\"]}]},{\"@type\":\"BreadcrumbList\",\"@id\":\"https:\/\/rodosz.vakacio.net\/index.php\/informaciok\/szovegjegyzek\/a-johannita-rend\/#breadcrumb\",\"itemListElement\":[{\"@type\":\"ListItem\",\"position\":1,\"name\":\"Kezd\u0151lap\",\"item\":\"https:\/\/rodosz.vakacio.net\/\"},{\"@type\":\"ListItem\",\"position\":2,\"name\":\"Inform\u00e1ci\u00f3k\",\"item\":\"https:\/\/rodosz.vakacio.net\/index.php\/informaciok\/\"},{\"@type\":\"ListItem\",\"position\":3,\"name\":\"Sz\u00f6vegjegyz\u00e9k\",\"item\":\"https:\/\/rodosz.vakacio.net\/index.php\/informaciok\/szovegjegyzek\/\"},{\"@type\":\"ListItem\",\"position\":4,\"name\":\"A Johannita Rend\"}]},{\"@type\":\"WebSite\",\"@id\":\"https:\/\/rodosz.vakacio.net\/#website\",\"url\":\"https:\/\/rodosz.vakacio.net\/\",\"name\":\"Rodoszi vak\u00e1ci\u00f3\",\"description\":\"Rodoszi nyaral\u00e1s\",\"publisher\":{\"@id\":\"https:\/\/rodosz.vakacio.net\/#\/schema\/person\/a8a5db9fb50052a7d526a23d673ef654\"},\"potentialAction\":[{\"@type\":\"SearchAction\",\"target\":{\"@type\":\"EntryPoint\",\"urlTemplate\":\"https:\/\/rodosz.vakacio.net\/?s={search_term_string}\"},\"query-input\":{\"@type\":\"PropertyValueSpecification\",\"valueRequired\":true,\"valueName\":\"search_term_string\"}}],\"inLanguage\":\"hu\"},{\"@type\":[\"Person\",\"Organization\"],\"@id\":\"https:\/\/rodosz.vakacio.net\/#\/schema\/person\/a8a5db9fb50052a7d526a23d673ef654\",\"name\":\"rodosz.vakacio.net\",\"image\":{\"@type\":\"ImageObject\",\"inLanguage\":\"hu\",\"@id\":\"https:\/\/rodosz.vakacio.net\/#\/schema\/person\/image\/\",\"url\":\"https:\/\/rodosz.vakacio.net\/wp-content\/uploads\/2025\/03\/cimlaplogo.png\",\"contentUrl\":\"https:\/\/rodosz.vakacio.net\/wp-content\/uploads\/2025\/03\/cimlaplogo.png\",\"width\":580,\"height\":270,\"caption\":\"rodosz.vakacio.net\"},\"logo\":{\"@id\":\"https:\/\/rodosz.vakacio.net\/#\/schema\/person\/image\/\"},\"sameAs\":[\"https:\/\/rodosz.vakacio.net\"]}]}<\/script>\n<!-- \/ Yoast SEO plugin. -->","yoast_head_json":{"title":"A Johannita Rend - Rodoszi vak\u00e1ci\u00f3","robots":{"index":"index","follow":"follow","max-snippet":"max-snippet:-1","max-image-preview":"max-image-preview:large","max-video-preview":"max-video-preview:-1"},"canonical":"https:\/\/rodosz.vakacio.net\/index.php\/informaciok\/szovegjegyzek\/a-johannita-rend\/","og_locale":"hu_HU","og_type":"article","og_title":"A Johannita Rend - Rodoszi vak\u00e1ci\u00f3","og_url":"https:\/\/rodosz.vakacio.net\/index.php\/informaciok\/szovegjegyzek\/a-johannita-rend\/","og_site_name":"Rodoszi vak\u00e1ci\u00f3","article_modified_time":"2025-03-09T17:49:32+00:00","twitter_card":"summary_large_image","schema":{"@context":"https:\/\/schema.org","@graph":[{"@type":"WebPage","@id":"https:\/\/rodosz.vakacio.net\/index.php\/informaciok\/szovegjegyzek\/a-johannita-rend\/","url":"https:\/\/rodosz.vakacio.net\/index.php\/informaciok\/szovegjegyzek\/a-johannita-rend\/","name":"A Johannita Rend - Rodoszi vak\u00e1ci\u00f3","isPartOf":{"@id":"https:\/\/rodosz.vakacio.net\/#website"},"datePublished":"2025-03-09T16:03:30+00:00","dateModified":"2025-03-09T17:49:32+00:00","breadcrumb":{"@id":"https:\/\/rodosz.vakacio.net\/index.php\/informaciok\/szovegjegyzek\/a-johannita-rend\/#breadcrumb"},"inLanguage":"hu","potentialAction":[{"@type":"ReadAction","target":["https:\/\/rodosz.vakacio.net\/index.php\/informaciok\/szovegjegyzek\/a-johannita-rend\/"]}]},{"@type":"BreadcrumbList","@id":"https:\/\/rodosz.vakacio.net\/index.php\/informaciok\/szovegjegyzek\/a-johannita-rend\/#breadcrumb","itemListElement":[{"@type":"ListItem","position":1,"name":"Kezd\u0151lap","item":"https:\/\/rodosz.vakacio.net\/"},{"@type":"ListItem","position":2,"name":"Inform\u00e1ci\u00f3k","item":"https:\/\/rodosz.vakacio.net\/index.php\/informaciok\/"},{"@type":"ListItem","position":3,"name":"Sz\u00f6vegjegyz\u00e9k","item":"https:\/\/rodosz.vakacio.net\/index.php\/informaciok\/szovegjegyzek\/"},{"@type":"ListItem","position":4,"name":"A Johannita Rend"}]},{"@type":"WebSite","@id":"https:\/\/rodosz.vakacio.net\/#website","url":"https:\/\/rodosz.vakacio.net\/","name":"Rodoszi vak\u00e1ci\u00f3","description":"Rodoszi nyaral\u00e1s","publisher":{"@id":"https:\/\/rodosz.vakacio.net\/#\/schema\/person\/a8a5db9fb50052a7d526a23d673ef654"},"potentialAction":[{"@type":"SearchAction","target":{"@type":"EntryPoint","urlTemplate":"https:\/\/rodosz.vakacio.net\/?s={search_term_string}"},"query-input":{"@type":"PropertyValueSpecification","valueRequired":true,"valueName":"search_term_string"}}],"inLanguage":"hu"},{"@type":["Person","Organization"],"@id":"https:\/\/rodosz.vakacio.net\/#\/schema\/person\/a8a5db9fb50052a7d526a23d673ef654","name":"rodosz.vakacio.net","image":{"@type":"ImageObject","inLanguage":"hu","@id":"https:\/\/rodosz.vakacio.net\/#\/schema\/person\/image\/","url":"https:\/\/rodosz.vakacio.net\/wp-content\/uploads\/2025\/03\/cimlaplogo.png","contentUrl":"https:\/\/rodosz.vakacio.net\/wp-content\/uploads\/2025\/03\/cimlaplogo.png","width":580,"height":270,"caption":"rodosz.vakacio.net"},"logo":{"@id":"https:\/\/rodosz.vakacio.net\/#\/schema\/person\/image\/"},"sameAs":["https:\/\/rodosz.vakacio.net"]}]}},"acf":[],"_links":{"self":[{"href":"https:\/\/rodosz.vakacio.net\/index.php\/wp-json\/wp\/v2\/pages\/438","targetHints":{"allow":["GET"]}}],"collection":[{"href":"https:\/\/rodosz.vakacio.net\/index.php\/wp-json\/wp\/v2\/pages"}],"about":[{"href":"https:\/\/rodosz.vakacio.net\/index.php\/wp-json\/wp\/v2\/types\/page"}],"author":[{"embeddable":true,"href":"https:\/\/rodosz.vakacio.net\/index.php\/wp-json\/wp\/v2\/users\/1"}],"replies":[{"embeddable":true,"href":"https:\/\/rodosz.vakacio.net\/index.php\/wp-json\/wp\/v2\/comments?post=438"}],"version-history":[{"count":7,"href":"https:\/\/rodosz.vakacio.net\/index.php\/wp-json\/wp\/v2\/pages\/438\/revisions"}],"predecessor-version":[{"id":545,"href":"https:\/\/rodosz.vakacio.net\/index.php\/wp-json\/wp\/v2\/pages\/438\/revisions\/545"}],"up":[{"embeddable":true,"href":"https:\/\/rodosz.vakacio.net\/index.php\/wp-json\/wp\/v2\/pages\/391"}],"wp:attachment":[{"href":"https:\/\/rodosz.vakacio.net\/index.php\/wp-json\/wp\/v2\/media?parent=438"}],"curies":[{"name":"wp","href":"https:\/\/api.w.org\/{rel}","templated":true}]}}