{"id":1638,"date":"2025-03-18T08:16:54","date_gmt":"2025-03-18T08:16:54","guid":{"rendered":"https:\/\/rodosz.vakacio.net\/?page_id=1638"},"modified":"2025-03-18T08:17:59","modified_gmt":"2025-03-18T08:17:59","slug":"keleti-part","status":"publish","type":"page","link":"https:\/\/rodosz.vakacio.net\/index.php\/strandok\/keleti-part\/","title":{"rendered":"Keleti part"},"content":{"rendered":"","protected":false},"excerpt":{"rendered":"","protected":false},"author":1,"featured_media":0,"parent":31,"menu_order":0,"comment_status":"closed","ping_status":"closed","template":"full-width","meta":{"saved_in_kubio":true,"_acf_changed":false,"footnotes":""},"class_list":["post-1638","page","type-page","status-publish","hentry"],"kubio_ai_page_context":{"short_desc":"","purpose":"general"},"yoast_head":"<!-- This site is optimized with the Yoast SEO plugin v26.8 - https:\/\/yoast.com\/product\/yoast-seo-wordpress\/ -->\n<title>Keleti part - Rodoszi vak\u00e1ci\u00f3<\/title>\n<meta name=\"robots\" content=\"index, follow, max-snippet:-1, max-image-preview:large, max-video-preview:-1\" \/>\n<link rel=\"canonical\" href=\"https:\/\/rodosz.vakacio.net\/index.php\/strandok\/keleti-part\/\" \/>\n<meta property=\"og:locale\" content=\"hu_HU\" \/>\n<meta property=\"og:type\" content=\"article\" \/>\n<meta property=\"og:title\" content=\"Keleti part - Rodoszi vak\u00e1ci\u00f3\" \/>\n<meta property=\"og:url\" content=\"https:\/\/rodosz.vakacio.net\/index.php\/strandok\/keleti-part\/\" \/>\n<meta property=\"og:site_name\" content=\"Rodoszi vak\u00e1ci\u00f3\" \/>\n<meta property=\"article:modified_time\" content=\"2025-03-18T08:17:59+00:00\" \/>\n<meta name=\"twitter:card\" content=\"summary_large_image\" \/>\n<script type=\"application\/ld+json\" class=\"yoast-schema-graph\">{\"@context\":\"https:\/\/schema.org\",\"@graph\":[{\"@type\":\"WebPage\",\"@id\":\"https:\/\/rodosz.vakacio.net\/index.php\/strandok\/keleti-part\/\",\"url\":\"https:\/\/rodosz.vakacio.net\/index.php\/strandok\/keleti-part\/\",\"name\":\"Keleti part - Rodoszi vak\u00e1ci\u00f3\",\"isPartOf\":{\"@id\":\"https:\/\/rodosz.vakacio.net\/#website\"},\"datePublished\":\"2025-03-18T08:16:54+00:00\",\"dateModified\":\"2025-03-18T08:17:59+00:00\",\"breadcrumb\":{\"@id\":\"https:\/\/rodosz.vakacio.net\/index.php\/strandok\/keleti-part\/#breadcrumb\"},\"inLanguage\":\"hu\",\"potentialAction\":[{\"@type\":\"ReadAction\",\"target\":[\"https:\/\/rodosz.vakacio.net\/index.php\/strandok\/keleti-part\/\"]}]},{\"@type\":\"BreadcrumbList\",\"@id\":\"https:\/\/rodosz.vakacio.net\/index.php\/strandok\/keleti-part\/#breadcrumb\",\"itemListElement\":[{\"@type\":\"ListItem\",\"position\":1,\"name\":\"Kezd\u0151lap\",\"item\":\"https:\/\/rodosz.vakacio.net\/\"},{\"@type\":\"ListItem\",\"position\":2,\"name\":\"Strandok\",\"item\":\"https:\/\/rodosz.vakacio.net\/index.php\/strandok\/\"},{\"@type\":\"ListItem\",\"position\":3,\"name\":\"Keleti part\"}]},{\"@type\":\"WebSite\",\"@id\":\"https:\/\/rodosz.vakacio.net\/#website\",\"url\":\"https:\/\/rodosz.vakacio.net\/\",\"name\":\"Rodoszi vak\u00e1ci\u00f3\",\"description\":\"Rodoszi nyaral\u00e1s\",\"publisher\":{\"@id\":\"https:\/\/rodosz.vakacio.net\/#\/schema\/person\/a8a5db9fb50052a7d526a23d673ef654\"},\"potentialAction\":[{\"@type\":\"SearchAction\",\"target\":{\"@type\":\"EntryPoint\",\"urlTemplate\":\"https:\/\/rodosz.vakacio.net\/?s={search_term_string}\"},\"query-input\":{\"@type\":\"PropertyValueSpecification\",\"valueRequired\":true,\"valueName\":\"search_term_string\"}}],\"inLanguage\":\"hu\"},{\"@type\":[\"Person\",\"Organization\"],\"@id\":\"https:\/\/rodosz.vakacio.net\/#\/schema\/person\/a8a5db9fb50052a7d526a23d673ef654\",\"name\":\"rodosz.vakacio.net\",\"image\":{\"@type\":\"ImageObject\",\"inLanguage\":\"hu\",\"@id\":\"https:\/\/rodosz.vakacio.net\/#\/schema\/person\/image\/\",\"url\":\"https:\/\/rodosz.vakacio.net\/wp-content\/uploads\/2025\/03\/cimlaplogo.png\",\"contentUrl\":\"https:\/\/rodosz.vakacio.net\/wp-content\/uploads\/2025\/03\/cimlaplogo.png\",\"width\":580,\"height\":270,\"caption\":\"rodosz.vakacio.net\"},\"logo\":{\"@id\":\"https:\/\/rodosz.vakacio.net\/#\/schema\/person\/image\/\"},\"sameAs\":[\"https:\/\/rodosz.vakacio.net\"]}]}<\/script>\n<!-- \/ Yoast SEO plugin. -->","yoast_head_json":{"title":"Keleti part - Rodoszi vak\u00e1ci\u00f3","robots":{"index":"index","follow":"follow","max-snippet":"max-snippet:-1","max-image-preview":"max-image-preview:large","max-video-preview":"max-video-preview:-1"},"canonical":"https:\/\/rodosz.vakacio.net\/index.php\/strandok\/keleti-part\/","og_locale":"hu_HU","og_type":"article","og_title":"Keleti part - Rodoszi vak\u00e1ci\u00f3","og_url":"https:\/\/rodosz.vakacio.net\/index.php\/strandok\/keleti-part\/","og_site_name":"Rodoszi vak\u00e1ci\u00f3","article_modified_time":"2025-03-18T08:17:59+00:00","twitter_card":"summary_large_image","schema":{"@context":"https:\/\/schema.org","@graph":[{"@type":"WebPage","@id":"https:\/\/rodosz.vakacio.net\/index.php\/strandok\/keleti-part\/","url":"https:\/\/rodosz.vakacio.net\/index.php\/strandok\/keleti-part\/","name":"Keleti part - Rodoszi vak\u00e1ci\u00f3","isPartOf":{"@id":"https:\/\/rodosz.vakacio.net\/#website"},"datePublished":"2025-03-18T08:16:54+00:00","dateModified":"2025-03-18T08:17:59+00:00","breadcrumb":{"@id":"https:\/\/rodosz.vakacio.net\/index.php\/strandok\/keleti-part\/#breadcrumb"},"inLanguage":"hu","potentialAction":[{"@type":"ReadAction","target":["https:\/\/rodosz.vakacio.net\/index.php\/strandok\/keleti-part\/"]}]},{"@type":"BreadcrumbList","@id":"https:\/\/rodosz.vakacio.net\/index.php\/strandok\/keleti-part\/#breadcrumb","itemListElement":[{"@type":"ListItem","position":1,"name":"Kezd\u0151lap","item":"https:\/\/rodosz.vakacio.net\/"},{"@type":"ListItem","position":2,"name":"Strandok","item":"https:\/\/rodosz.vakacio.net\/index.php\/strandok\/"},{"@type":"ListItem","position":3,"name":"Keleti part"}]},{"@type":"WebSite","@id":"https:\/\/rodosz.vakacio.net\/#website","url":"https:\/\/rodosz.vakacio.net\/","name":"Rodoszi vak\u00e1ci\u00f3","description":"Rodoszi nyaral\u00e1s","publisher":{"@id":"https:\/\/rodosz.vakacio.net\/#\/schema\/person\/a8a5db9fb50052a7d526a23d673ef654"},"potentialAction":[{"@type":"SearchAction","target":{"@type":"EntryPoint","urlTemplate":"https:\/\/rodosz.vakacio.net\/?s={search_term_string}"},"query-input":{"@type":"PropertyValueSpecification","valueRequired":true,"valueName":"search_term_string"}}],"inLanguage":"hu"},{"@type":["Person","Organization"],"@id":"https:\/\/rodosz.vakacio.net\/#\/schema\/person\/a8a5db9fb50052a7d526a23d673ef654","name":"rodosz.vakacio.net","image":{"@type":"ImageObject","inLanguage":"hu","@id":"https:\/\/rodosz.vakacio.net\/#\/schema\/person\/image\/","url":"https:\/\/rodosz.vakacio.net\/wp-content\/uploads\/2025\/03\/cimlaplogo.png","contentUrl":"https:\/\/rodosz.vakacio.net\/wp-content\/uploads\/2025\/03\/cimlaplogo.png","width":580,"height":270,"caption":"rodosz.vakacio.net"},"logo":{"@id":"https:\/\/rodosz.vakacio.net\/#\/schema\/person\/image\/"},"sameAs":["https:\/\/rodosz.vakacio.net"]}]}},"acf":[],"_links":{"self":[{"href":"https:\/\/rodosz.vakacio.net\/index.php\/wp-json\/wp\/v2\/pages\/1638","targetHints":{"allow":["GET"]}}],"collection":[{"href":"https:\/\/rodosz.vakacio.net\/index.php\/wp-json\/wp\/v2\/pages"}],"about":[{"href":"https:\/\/rodosz.vakacio.net\/index.php\/wp-json\/wp\/v2\/types\/page"}],"author":[{"embeddable":true,"href":"https:\/\/rodosz.vakacio.net\/index.php\/wp-json\/wp\/v2\/users\/1"}],"replies":[{"embeddable":true,"href":"https:\/\/rodosz.vakacio.net\/index.php\/wp-json\/wp\/v2\/comments?post=1638"}],"version-history":[{"count":1,"href":"https:\/\/rodosz.vakacio.net\/index.php\/wp-json\/wp\/v2\/pages\/1638\/revisions"}],"predecessor-version":[{"id":1639,"href":"https:\/\/rodosz.vakacio.net\/index.php\/wp-json\/wp\/v2\/pages\/1638\/revisions\/1639"}],"up":[{"embeddable":true,"href":"https:\/\/rodosz.vakacio.net\/index.php\/wp-json\/wp\/v2\/pages\/31"}],"wp:attachment":[{"href":"https:\/\/rodosz.vakacio.net\/index.php\/wp-json\/wp\/v2\/media?parent=1638"}],"curies":[{"name":"wp","href":"https:\/\/api.w.org\/{rel}","templated":true}]}}